{"id":956,"date":"2016-10-12T16:16:23","date_gmt":"2016-10-12T14:16:23","guid":{"rendered":"http:\/\/paarcoach-wf.de\/_wordpress\/?page_id=956"},"modified":"2016-11-02T13:22:45","modified_gmt":"2016-11-02T11:22:45","slug":"kommunikationstraining","status":"publish","type":"page","link":"http:\/\/paarcoach-wf.de\/_wordpress\/kommunikationstraining\/","title":{"rendered":"kommunikation"},"content":{"rendered":"<p>\u201eWir k\u00f6nnen einfach nicht mehr miteinander reden.\u201c ist einer der vielen S\u00e4tze, mit denen Menschen ihre eigene Problematik beschreiben. So erleben heute viele ihre Beziehung als sprachlos. Zu oft wurde alles bereits gesagt oder es wurde zu lange geschwiegen, sodass eine Verst\u00e4ndigung unm\u00f6glich erscheint. Dieser Teufelskreis kann durch ein gezieltes <strong>Kommunikationstraining<\/strong> durchbrochen werden.<\/p>\n<p>Die Partner lernen unter Anleitung Gef\u00fchle und Bed\u00fcrfnisse so auszudr\u00fccken, dass die Bereitschaft zum Zuh\u00f6ren beim Anderen gewahrt bleibt. Dies ist oft der erste Schritt f\u00fcr ein tieferes Verst\u00e4ndnis und eine M\u00f6glichkeit f\u00fcr Ver\u00e4nderung.<\/p>\n<p><a href=\"http:\/\/paarcoach-wf.de\/_wordpress\/kontakt\/\">weitere informationen &amp; terminvereinbarung<\/a><\/p>\n","protected":false},"excerpt":{"rendered":"<p>\u201eWir k\u00f6nnen einfach nicht mehr miteinander reden.\u201c ist einer der vielen S\u00e4tze, mit denen Menschen ihre eigene Problematik beschreiben. So erleben heute viele ihre Beziehung als sprachlos. Zu oft wurde alles bereits gesagt oder es wurde zu lange geschwiegen, sodass eine Verst\u00e4ndigung unm\u00f6glich erscheint. Dieser Teufelskreis kann durch ein gezieltes Kommunikationstraining durchbrochen werden. Die Partner [&hellip;]<\/p>\n","protected":false},"author":1,"featured_media":0,"parent":0,"menu_order":0,"comment_status":"closed","ping_status":"closed","template":"","meta":{"_monsterinsights_skip_tracking":false,"_monsterinsights_sitenote_active":false,"_monsterinsights_sitenote_note":"","_monsterinsights_sitenote_category":0,"footnotes":""},"class_list":["post-956","page","type-page","status-publish","hentry"],"_links":{"self":[{"href":"http:\/\/paarcoach-wf.de\/_wordpress\/wp-json\/wp\/v2\/pages\/956","targetHints":{"allow":["GET"]}}],"collection":[{"href":"http:\/\/paarcoach-wf.de\/_wordpress\/wp-json\/wp\/v2\/pages"}],"about":[{"href":"http:\/\/paarcoach-wf.de\/_wordpress\/wp-json\/wp\/v2\/types\/page"}],"author":[{"embeddable":true,"href":"http:\/\/paarcoach-wf.de\/_wordpress\/wp-json\/wp\/v2\/users\/1"}],"replies":[{"embeddable":true,"href":"http:\/\/paarcoach-wf.de\/_wordpress\/wp-json\/wp\/v2\/comments?post=956"}],"version-history":[{"count":7,"href":"http:\/\/paarcoach-wf.de\/_wordpress\/wp-json\/wp\/v2\/pages\/956\/revisions"}],"predecessor-version":[{"id":1110,"href":"http:\/\/paarcoach-wf.de\/_wordpress\/wp-json\/wp\/v2\/pages\/956\/revisions\/1110"}],"wp:attachment":[{"href":"http:\/\/paarcoach-wf.de\/_wordpress\/wp-json\/wp\/v2\/media?parent=956"}],"curies":[{"name":"wp","href":"https:\/\/api.w.org\/{rel}","templated":true}]}}