{"id":933,"date":"2016-10-12T14:58:51","date_gmt":"2016-10-12T12:58:51","guid":{"rendered":"http:\/\/paarcoach-wf.de\/_wordpress\/?page_id=933"},"modified":"2022-08-17T09:31:20","modified_gmt":"2022-08-17T07:31:20","slug":"ablauf","status":"publish","type":"page","link":"http:\/\/paarcoach-wf.de\/_wordpress\/ablauf\/","title":{"rendered":"ablauf"},"content":{"rendered":"<p>F\u00fcr interessierte Paare, f\u00fcr Menschen in Krisen oder f\u00fcr gezielte Fragestellungen und Probleml\u00f6sungen biete ich nach Vereinbarung Paar- und Einzelgespr\u00e4che an.<\/p>\n<p>Nach einem Vorgespr\u00e4ch werden Sitzungen von 90 Minuten Dauer vereinbart. Die Anzahl der Sitzungen richtet sich nach den W\u00fcnschen und Bed\u00fcrfnissen der beteiligten Personen.<\/p>\n<p>Wie l\u00e4uft eine Sitzung ab?<\/p>\n<p>In Gespr\u00e4chen und \u00dcbungen machen wir uns gemeinsam ein Bild der Situation, erforschen Ursachen und suchen M\u00f6glichkeiten der Ver\u00e4nderung.<\/p>\n<p>Hilfreiche \u00dcbungen sind z.B. Rollenspiele, kleine Traumreisen und zeichnen von Lebenslinien,<br \/>\nwobei Sie dar\u00fcber entscheiden k\u00f6nnen, wie weit Sie sich auf diese \u00dcbungen einlassen.<\/p>\n","protected":false},"excerpt":{"rendered":"<p>F\u00fcr interessierte Paare, f\u00fcr Menschen in Krisen oder f\u00fcr gezielte Fragestellungen und Probleml\u00f6sungen biete ich nach Vereinbarung Paar- und Einzelgespr\u00e4che an. Nach einem Vorgespr\u00e4ch werden Sitzungen von 90 Minuten Dauer vereinbart. Die Anzahl der Sitzungen richtet sich nach den W\u00fcnschen und Bed\u00fcrfnissen der beteiligten Personen. Wie l\u00e4uft eine Sitzung ab? In Gespr\u00e4chen und \u00dcbungen machen [&hellip;]<\/p>\n","protected":false},"author":1,"featured_media":0,"parent":0,"menu_order":0,"comment_status":"closed","ping_status":"closed","template":"","meta":{"_monsterinsights_skip_tracking":false,"_monsterinsights_sitenote_active":false,"_monsterinsights_sitenote_note":"","_monsterinsights_sitenote_category":0,"footnotes":""},"class_list":["post-933","page","type-page","status-publish","hentry"],"_links":{"self":[{"href":"http:\/\/paarcoach-wf.de\/_wordpress\/wp-json\/wp\/v2\/pages\/933","targetHints":{"allow":["GET"]}}],"collection":[{"href":"http:\/\/paarcoach-wf.de\/_wordpress\/wp-json\/wp\/v2\/pages"}],"about":[{"href":"http:\/\/paarcoach-wf.de\/_wordpress\/wp-json\/wp\/v2\/types\/page"}],"author":[{"embeddable":true,"href":"http:\/\/paarcoach-wf.de\/_wordpress\/wp-json\/wp\/v2\/users\/1"}],"replies":[{"embeddable":true,"href":"http:\/\/paarcoach-wf.de\/_wordpress\/wp-json\/wp\/v2\/comments?post=933"}],"version-history":[{"count":6,"href":"http:\/\/paarcoach-wf.de\/_wordpress\/wp-json\/wp\/v2\/pages\/933\/revisions"}],"predecessor-version":[{"id":37932,"href":"http:\/\/paarcoach-wf.de\/_wordpress\/wp-json\/wp\/v2\/pages\/933\/revisions\/37932"}],"wp:attachment":[{"href":"http:\/\/paarcoach-wf.de\/_wordpress\/wp-json\/wp\/v2\/media?parent=933"}],"curies":[{"name":"wp","href":"https:\/\/api.w.org\/{rel}","templated":true}]}}