{"id":18,"date":"2012-03-19T11:39:20","date_gmt":"2012-03-19T09:39:20","guid":{"rendered":"http:\/\/paarcoach-wf.de\/wordpress\/?page_id=18"},"modified":"2016-10-21T12:17:45","modified_gmt":"2016-10-21T10:17:45","slug":"paarberatung","status":"publish","type":"page","link":"http:\/\/paarcoach-wf.de\/_wordpress\/beratung\/paarberatung\/","title":{"rendered":"beratung f\u00fcr paare"},"content":{"rendered":"<p>In vielen Beziehungen schleichen sich destruktive Muster ein, die ein Zusammenleben oft schwierig und mitunter unm\u00f6glich machen. Empfundene Macht- und Hilflosigkeit finden dabei in heftigen Streits oder lang anhaltender Sprachlosigkeit ihren Ausdruck. Manchmal bricht einer der beiden Partner aus, indem er fremdgeht oder beide arrangieren sich in einem unbefriedigten Nebeneinanderherleben. Trennung ist aber nur in den seltensten F\u00e4llen die L\u00f6sung.<\/p>\n<p>Viele Probleme k\u00f6nnten gerade mit dem Partner zusammen gel\u00f6st werden, was die Chance auf ein pers\u00f6nliches Wachstum erm\u00f6glicht.<\/p>\n<p>Meine Begleitung und Unterst\u00fctzung biete ich u.a. f\u00fcr folgende Themen an:<\/p>\n<ul>\n<li>Bew\u00e4ltigung von Konflikten<\/li>\n<li>Erlernen einer respektvollen Kommunikation<\/li>\n<li>Umgang mit schwierigen Lebenssituationen und Umbr\u00fcchen, z.B. Fremdgehen des Partners<\/li>\n<li>Regulation von \u00c4ngsten und Aufbau neuer N\u00e4he<\/li>\n<li>Verstehen und Ver\u00e4ndern sexueller Lustlosigkeit<\/li>\n<li>Entscheidungsfindung f\u00fcr oder gegen eine Trennung<\/li>\n<li>Meistern von Trennungssituationen<\/li>\n<\/ul>\n<p><a href=\"http:\/\/paarcoach-wf.de\/_wordpress\/beratung-fuer-homosexuelle-paare\/\">beratung f\u00fcr homosexuelle paare<\/a><\/p>\n<p><a href=\"http:\/\/paarcoach-wf.de\/_wordpress\/kontakt\/\">weitere informationen &amp; terminvereinbarung<\/a><\/p>\n","protected":false},"excerpt":{"rendered":"<p>In vielen Beziehungen schleichen sich destruktive Muster ein, die ein Zusammenleben oft schwierig und mitunter unm\u00f6glich machen. Empfundene Macht- und Hilflosigkeit finden dabei in heftigen Streits oder lang anhaltender Sprachlosigkeit ihren Ausdruck. Manchmal bricht einer der beiden Partner aus, indem er fremdgeht oder beide arrangieren sich in einem unbefriedigten Nebeneinanderherleben. Trennung ist aber nur in [&hellip;]<\/p>\n","protected":false},"author":1,"featured_media":0,"parent":919,"menu_order":0,"comment_status":"closed","ping_status":"closed","template":"","meta":{"_monsterinsights_skip_tracking":false,"_monsterinsights_sitenote_active":false,"_monsterinsights_sitenote_note":"","_monsterinsights_sitenote_category":0,"footnotes":""},"class_list":["post-18","page","type-page","status-publish","hentry"],"_links":{"self":[{"href":"http:\/\/paarcoach-wf.de\/_wordpress\/wp-json\/wp\/v2\/pages\/18","targetHints":{"allow":["GET"]}}],"collection":[{"href":"http:\/\/paarcoach-wf.de\/_wordpress\/wp-json\/wp\/v2\/pages"}],"about":[{"href":"http:\/\/paarcoach-wf.de\/_wordpress\/wp-json\/wp\/v2\/types\/page"}],"author":[{"embeddable":true,"href":"http:\/\/paarcoach-wf.de\/_wordpress\/wp-json\/wp\/v2\/users\/1"}],"replies":[{"embeddable":true,"href":"http:\/\/paarcoach-wf.de\/_wordpress\/wp-json\/wp\/v2\/comments?post=18"}],"version-history":[{"count":31,"href":"http:\/\/paarcoach-wf.de\/_wordpress\/wp-json\/wp\/v2\/pages\/18\/revisions"}],"predecessor-version":[{"id":1084,"href":"http:\/\/paarcoach-wf.de\/_wordpress\/wp-json\/wp\/v2\/pages\/18\/revisions\/1084"}],"up":[{"embeddable":true,"href":"http:\/\/paarcoach-wf.de\/_wordpress\/wp-json\/wp\/v2\/pages\/919"}],"wp:attachment":[{"href":"http:\/\/paarcoach-wf.de\/_wordpress\/wp-json\/wp\/v2\/media?parent=18"}],"curies":[{"name":"wp","href":"https:\/\/api.w.org\/{rel}","templated":true}]}}