{"id":158,"date":"2012-03-20T15:09:54","date_gmt":"2012-03-20T13:09:54","guid":{"rendered":"http:\/\/paarcoach-wf.de\/wordpress\/?page_id=158"},"modified":"2016-10-21T12:15:25","modified_gmt":"2016-10-21T10:15:25","slug":"beratung_liebe_more","status":"publish","type":"page","link":"http:\/\/paarcoach-wf.de\/_wordpress\/beratung_liebe_more\/","title":{"rendered":"liebeskummer"},"content":{"rendered":"<p>Wenn Ihnen gerade der Boden unter den F\u00fc\u00dfen weggezogen wurde, weil Ihre gro\u00dfe Liebe, Ihr langj\u00e4hriger Partner Sie verlassen hat, sieht die Welt wahrscheinlich gerade grau und die Zukunft d\u00fcster aus.<\/p>\n<p>Liebeskummer ist neben dem Verlust eines Menschen durch seinen Tod eines der schlimmsten Gef\u00fchle, mit denen man im Leben konfrontiert werden kann. Nichts ist mehr so wie vorher und alles, was einmal Bedeutung hatte, ist jetzt unwichtig. Dass Sie so f\u00fchlen ist normal und geh\u00f6rt zu dem im Liebeskummer vollzogenen Trauer- und Abl\u00f6sungsprozess dazu.<\/p>\n<p>Obwohl Gespr\u00e4che diese Gef\u00fchle nicht nehmen k\u00f6nnen, helfen sie doch dabei, die Trennung besser zu verstehen und zu verkraften. Ebenso zeigen sie einen m\u00f6glichen Weg aus der Krise auf und unterst\u00fctzen dabei, neue Perspektiven f\u00fcr die Zukunft zu entwickeln.<\/p>\n<p><a href=\"http:\/\/paarcoach-wf.de\/_wordpress\/kontakt\/\">weitere informationen &#038; terminvereinbarung<\/a><\/p>\n","protected":false},"excerpt":{"rendered":"<p>Wenn Ihnen gerade der Boden unter den F\u00fc\u00dfen weggezogen wurde, weil Ihre gro\u00dfe Liebe, Ihr langj\u00e4hriger Partner Sie verlassen hat, sieht die Welt wahrscheinlich gerade grau und die Zukunft d\u00fcster aus. Liebeskummer ist neben dem Verlust eines Menschen durch seinen Tod eines der schlimmsten Gef\u00fchle, mit denen man im Leben konfrontiert werden kann. Nichts ist [&hellip;]<\/p>\n","protected":false},"author":1,"featured_media":0,"parent":0,"menu_order":0,"comment_status":"closed","ping_status":"closed","template":"","meta":{"_monsterinsights_skip_tracking":false,"_monsterinsights_sitenote_active":false,"_monsterinsights_sitenote_note":"","_monsterinsights_sitenote_category":0,"footnotes":""},"class_list":["post-158","page","type-page","status-publish","hentry"],"_links":{"self":[{"href":"http:\/\/paarcoach-wf.de\/_wordpress\/wp-json\/wp\/v2\/pages\/158","targetHints":{"allow":["GET"]}}],"collection":[{"href":"http:\/\/paarcoach-wf.de\/_wordpress\/wp-json\/wp\/v2\/pages"}],"about":[{"href":"http:\/\/paarcoach-wf.de\/_wordpress\/wp-json\/wp\/v2\/types\/page"}],"author":[{"embeddable":true,"href":"http:\/\/paarcoach-wf.de\/_wordpress\/wp-json\/wp\/v2\/users\/1"}],"replies":[{"embeddable":true,"href":"http:\/\/paarcoach-wf.de\/_wordpress\/wp-json\/wp\/v2\/comments?post=158"}],"version-history":[{"count":11,"href":"http:\/\/paarcoach-wf.de\/_wordpress\/wp-json\/wp\/v2\/pages\/158\/revisions"}],"predecessor-version":[{"id":1087,"href":"http:\/\/paarcoach-wf.de\/_wordpress\/wp-json\/wp\/v2\/pages\/158\/revisions\/1087"}],"wp:attachment":[{"href":"http:\/\/paarcoach-wf.de\/_wordpress\/wp-json\/wp\/v2\/media?parent=158"}],"curies":[{"name":"wp","href":"https:\/\/api.w.org\/{rel}","templated":true}]}}