{"id":1013,"date":"2016-10-14T09:30:47","date_gmt":"2016-10-14T07:30:47","guid":{"rendered":"http:\/\/paarcoach-wf.de\/_wordpress\/?page_id=1013"},"modified":"2016-11-02T13:56:53","modified_gmt":"2016-11-02T11:56:53","slug":"liebeskummer","status":"publish","type":"page","link":"http:\/\/paarcoach-wf.de\/_wordpress\/liebeskummer\/","title":{"rendered":"liebeskummer"},"content":{"rendered":"<h1 class=\"entry-title\"><a href=\"http:\/\/paarcoach-wf.de\/_wordpress\/beratung_liebe_more\/\">liebeskummer<\/a><\/h1>\n<p>Sie haben das Gef\u00fchl, immer an die Falschen zu geraten oder glauben, vor Liebeskummer nicht mehr weiterleben zu k\u00f6nnen und nie mehr gl\u00fccklich zu werden <a href=\"http:\/\/paarcoach-wf.de\/_wordpress\/beratung_liebe_more\/\">[\u2026]<\/a><\/p>\n<hr style=\"border: height: 0.5px; background-color: #8b2902;\" \/>\n<h1 class=\"entry-title\"><a href=\"http:\/\/paarcoach-wf.de\/_wordpress\/gruppen\/\">gruppen<\/a><\/h1>\n<p>Sie suchen andere Menschen, die in einer \u00e4hnlichen Situation stecken und m\u00f6chten sich mit ihnen austauschen <a href=\"http:\/\/paarcoach-wf.de\/_wordpress\/gruppen\/\">[\u2026]<\/a><\/p>\n","protected":false},"excerpt":{"rendered":"<p>liebeskummer Sie haben das Gef\u00fchl, immer an die Falschen zu geraten oder glauben, vor Liebeskummer nicht mehr weiterleben zu k\u00f6nnen und nie mehr gl\u00fccklich zu werden [\u2026] gruppen Sie suchen andere Menschen, die in einer \u00e4hnlichen Situation stecken und m\u00f6chten sich mit ihnen austauschen [\u2026]<\/p>\n","protected":false},"author":1,"featured_media":0,"parent":0,"menu_order":0,"comment_status":"closed","ping_status":"closed","template":"","meta":{"_monsterinsights_skip_tracking":false,"_monsterinsights_sitenote_active":false,"_monsterinsights_sitenote_note":"","_monsterinsights_sitenote_category":0,"footnotes":""},"class_list":["post-1013","page","type-page","status-publish","hentry"],"_links":{"self":[{"href":"http:\/\/paarcoach-wf.de\/_wordpress\/wp-json\/wp\/v2\/pages\/1013","targetHints":{"allow":["GET"]}}],"collection":[{"href":"http:\/\/paarcoach-wf.de\/_wordpress\/wp-json\/wp\/v2\/pages"}],"about":[{"href":"http:\/\/paarcoach-wf.de\/_wordpress\/wp-json\/wp\/v2\/types\/page"}],"author":[{"embeddable":true,"href":"http:\/\/paarcoach-wf.de\/_wordpress\/wp-json\/wp\/v2\/users\/1"}],"replies":[{"embeddable":true,"href":"http:\/\/paarcoach-wf.de\/_wordpress\/wp-json\/wp\/v2\/comments?post=1013"}],"version-history":[{"count":12,"href":"http:\/\/paarcoach-wf.de\/_wordpress\/wp-json\/wp\/v2\/pages\/1013\/revisions"}],"predecessor-version":[{"id":1121,"href":"http:\/\/paarcoach-wf.de\/_wordpress\/wp-json\/wp\/v2\/pages\/1013\/revisions\/1121"}],"wp:attachment":[{"href":"http:\/\/paarcoach-wf.de\/_wordpress\/wp-json\/wp\/v2\/media?parent=1013"}],"curies":[{"name":"wp","href":"https:\/\/api.w.org\/{rel}","templated":true}]}}